{"id":109,"date":"2025-07-18T12:19:43","date_gmt":"2025-07-18T10:19:43","guid":{"rendered":"https:\/\/nightdoc.de\/legal-notice\/"},"modified":"2026-04-21T17:51:41","modified_gmt":"2026-04-21T15:51:41","slug":"legal-notice","status":"publish","type":"page","link":"https:\/\/nightdoc.de\/en\/legal-notice\/","title":{"rendered":"Legal notice"},"content":{"rendered":"\n<p><\/p>\n\n<p><strong>Information in accordance with Section 5 TMG:<\/strong><\/p>\n\n<p>Nightdoc.de UG (limited liability)<br\/>Erlenstra\u00dfe 23<br\/>91341 R\u00f6ttenbach<br\/>Germany<\/p>\n\n<p><strong>Represented by:<\/strong><br\/>Marcus Haibach, Bj\u00f6rn Sch\u00e4fer<\/p>\n\n<p><strong>Contact:<\/strong><br\/>Phone: +49 (0)173 6330608<br\/>Email: marcus.haibach@nightdoc.de<\/p>\n\n<p><strong>Commercial register entry:<\/strong><br\/>Register court: F\u00fcrth Local Court<br\/>Register number: HRB 21761<\/p>\n\n<p><strong>VAT ID:<\/strong><br\/>VAT ID No.: DE455427316<\/p>\n\n<p><strong>Responsible for content in accordance with Section 55 (2) RStV: <\/strong><br\/>Marcus Haibach, Erlenstra\u00dfe 23, 91341 R\u00f6ttenbach<\/p>\n\n<p><a href=\"file:\/\/\/%22index.html\/%22\">Back to the homepage<\/a><\/p>\n","protected":false},"excerpt":{"rendered":"<p>Information in accordance with Section 5 TMG: Nightdoc.de UG (limited liability)Erlenstra\u00dfe 2391341 R\u00f6ttenbachGermany Represented by:Marcus Haibach, Bj\u00f6rn Sch\u00e4fer Contact:Phone: +49 (0)173 6330608Email: marcus.haibach@nightdoc.de Commercial register entry:Register court: F\u00fcrth Local CourtRegister number: HRB 21761 VAT ID:VAT ID No.: DE455427316 Responsible for content in accordance with Section 55 (2) RStV: Marcus Haibach, Erlenstra\u00dfe 23, 91341 R\u00f6ttenbach Back [&hellip;]<\/p>\n","protected":false},"author":1,"featured_media":0,"parent":0,"menu_order":0,"comment_status":"closed","ping_status":"closed","template":"","meta":{"_uag_custom_page_level_css":"","footnotes":""},"class_list":["post-109","page","type-page","status-publish","hentry"],"uagb_featured_image_src":{"full":false,"thumbnail":false,"medium":false,"medium_large":false,"large":false,"1536x1536":false,"2048x2048":false},"uagb_author_info":{"display_name":"nightdoc.de","author_link":"https:\/\/nightdoc.de\/en\/author\/bjoern-schaefernightdoc-de\/"},"uagb_comment_info":0,"uagb_excerpt":"Information in accordance with Section 5 TMG: Nightdoc.de UG (limited liability)Erlenstra\u00dfe 2391341 R\u00f6ttenbachGermany Represented by:Marcus Haibach, Bj\u00f6rn Sch\u00e4fer Contact:Phone: +49 (0)173 6330608Email: marcus.haibach@nightdoc.de Commercial register entry:Register court: F\u00fcrth Local CourtRegister number: HRB 21761 VAT ID:VAT ID No.: DE455427316 Responsible for content in accordance with Section 55 (2) RStV: Marcus Haibach, Erlenstra\u00dfe 23, 91341 R\u00f6ttenbach Back&hellip;","_links":{"self":[{"href":"https:\/\/nightdoc.de\/en\/wp-json\/wp\/v2\/pages\/109","targetHints":{"allow":["GET"]}}],"collection":[{"href":"https:\/\/nightdoc.de\/en\/wp-json\/wp\/v2\/pages"}],"about":[{"href":"https:\/\/nightdoc.de\/en\/wp-json\/wp\/v2\/types\/page"}],"author":[{"embeddable":true,"href":"https:\/\/nightdoc.de\/en\/wp-json\/wp\/v2\/users\/1"}],"replies":[{"embeddable":true,"href":"https:\/\/nightdoc.de\/en\/wp-json\/wp\/v2\/comments?post=109"}],"version-history":[{"count":3,"href":"https:\/\/nightdoc.de\/en\/wp-json\/wp\/v2\/pages\/109\/revisions"}],"predecessor-version":[{"id":1046,"href":"https:\/\/nightdoc.de\/en\/wp-json\/wp\/v2\/pages\/109\/revisions\/1046"}],"wp:attachment":[{"href":"https:\/\/nightdoc.de\/en\/wp-json\/wp\/v2\/media?parent=109"}],"curies":[{"name":"wp","href":"https:\/\/api.w.org\/{rel}","templated":true}]}}