{"id":96,"date":"2025-07-31T13:55:23","date_gmt":"2025-07-31T11:55:23","guid":{"rendered":"https:\/\/nightdoc.de\/nightdoc-de-service-de-medecin-prive-mobile-pour-hotel-et-domicile-anglais\/"},"modified":"2025-07-31T13:55:23","modified_gmt":"2025-07-31T11:55:23","slug":"nightdoc-de-service-de-medecin-prive-mobile-pour-hotel-et-domicile-anglais","status":"publish","type":"page","link":"https:\/\/nightdoc.de\/fr\/nightdoc-de-service-de-medecin-prive-mobile-pour-hotel-et-domicile-anglais\/","title":{"rendered":"nightdoc.de service de m\u00e9decin priv\u00e9 mobile pour h\u00f4tel et domicile &#8211; Anglais"},"content":{"rendered":"","protected":false},"excerpt":{"rendered":"","protected":false},"author":1,"featured_media":0,"parent":0,"menu_order":0,"comment_status":"closed","ping_status":"closed","template":"","meta":{"_uag_custom_page_level_css":"","footnotes":""},"class_list":["post-96","page","type-page","status-publish","hentry"],"uagb_featured_image_src":{"full":false,"thumbnail":false,"medium":false,"medium_large":false,"large":false,"1536x1536":false,"2048x2048":false},"uagb_author_info":{"display_name":"nightdoc.de","author_link":"https:\/\/nightdoc.de\/fr\/author\/bjoern-schaefernightdoc-de\/"},"uagb_comment_info":0,"uagb_excerpt":null,"_links":{"self":[{"href":"https:\/\/nightdoc.de\/fr\/wp-json\/wp\/v2\/pages\/96","targetHints":{"allow":["GET"]}}],"collection":[{"href":"https:\/\/nightdoc.de\/fr\/wp-json\/wp\/v2\/pages"}],"about":[{"href":"https:\/\/nightdoc.de\/fr\/wp-json\/wp\/v2\/types\/page"}],"author":[{"embeddable":true,"href":"https:\/\/nightdoc.de\/fr\/wp-json\/wp\/v2\/users\/1"}],"replies":[{"embeddable":true,"href":"https:\/\/nightdoc.de\/fr\/wp-json\/wp\/v2\/comments?post=96"}],"version-history":[{"count":0,"href":"https:\/\/nightdoc.de\/fr\/wp-json\/wp\/v2\/pages\/96\/revisions"}],"wp:attachment":[{"href":"https:\/\/nightdoc.de\/fr\/wp-json\/wp\/v2\/media?parent=96"}],"curies":[{"name":"wp","href":"https:\/\/api.w.org\/{rel}","templated":true}]}}