{"id":98,"date":"2025-07-18T12:19:43","date_gmt":"2025-07-18T10:19:43","guid":{"rendered":"https:\/\/nightdoc.de\/mentions-legales\/"},"modified":"2026-04-21T17:51:45","modified_gmt":"2026-04-21T15:51:45","slug":"mentions-legales","status":"publish","type":"page","link":"https:\/\/nightdoc.de\/fr\/mentions-legales\/","title":{"rendered":"Mentions l\u00e9gales"},"content":{"rendered":"\n<p><\/p>\n\n<p><strong>Informations conform\u00e9ment au \u00a7 5 TMG :<\/strong><\/p>\n\n<p>Nightdoc.de UG (responsabilit\u00e9 limit\u00e9e)<br\/>Erlenstra\u00dfe 23<br\/>91341 R\u00f6ttenbach<br\/>Allemagne<\/p>\n\n<p><strong>Repr\u00e9sent\u00e9e par :<\/strong><br\/>Marcus Haibach, Bj\u00f6rn Sch\u00e4fer<\/p>\n\n<p><strong>Contact :<\/strong><br\/>T\u00e9l\u00e9phone : +49 (0)173 6330608<br\/>E-mail : marcus.haibach@nightdoc.de<\/p>\n\n<p><strong>Inscription au registre du commerce :<\/strong><br\/>Tribunal d\u2019enregistrement : Amtsgericht F\u00fcrth<br\/>Num\u00e9ro d\u2019enregistrement : HRB 21761<\/p>\n\n<p><strong>N\u00b0 de TVA intracommunautaire :<\/strong><br\/>N\u00b0 de TVA : DE455427316<\/p>\n\n<p><strong>Responsable du contenu conform\u00e9ment au \u00a7 55, al. 2 RStV : <\/strong><br\/>Marcus Haibach, Erlenstra\u00dfe 23, 91341 R\u00f6ttenbach<\/p>\n\n<p><a href=\"file:\/\/\/%22index.html\/%22\">Retour \u00e0 la page d\u2019accueil<\/a><\/p>\n","protected":false},"excerpt":{"rendered":"<p>Informations conform\u00e9ment au \u00a7 5 TMG : Nightdoc.de UG (responsabilit\u00e9 limit\u00e9e)Erlenstra\u00dfe 2391341 R\u00f6ttenbachAllemagne Repr\u00e9sent\u00e9e par :Marcus Haibach, Bj\u00f6rn Sch\u00e4fer Contact :T\u00e9l\u00e9phone : +49 (0)173 6330608E-mail : marcus.haibach@nightdoc.de Inscription au registre du commerce :Tribunal d\u2019enregistrement : Amtsgericht F\u00fcrthNum\u00e9ro d\u2019enregistrement : HRB 21761 N\u00b0 de TVA intracommunautaire :N\u00b0 de TVA : DE455427316 Responsable du contenu conform\u00e9ment au [&hellip;]<\/p>\n","protected":false},"author":1,"featured_media":0,"parent":0,"menu_order":0,"comment_status":"closed","ping_status":"closed","template":"","meta":{"_uag_custom_page_level_css":"","footnotes":""},"class_list":["post-98","page","type-page","status-publish","hentry"],"uagb_featured_image_src":{"full":false,"thumbnail":false,"medium":false,"medium_large":false,"large":false,"1536x1536":false,"2048x2048":false},"uagb_author_info":{"display_name":"nightdoc.de","author_link":"https:\/\/nightdoc.de\/fr\/author\/bjoern-schaefernightdoc-de\/"},"uagb_comment_info":0,"uagb_excerpt":"Informations conform\u00e9ment au \u00a7 5 TMG : Nightdoc.de UG (responsabilit\u00e9 limit\u00e9e)Erlenstra\u00dfe 2391341 R\u00f6ttenbachAllemagne Repr\u00e9sent\u00e9e par :Marcus Haibach, Bj\u00f6rn Sch\u00e4fer Contact :T\u00e9l\u00e9phone : +49 (0)173 6330608E-mail : marcus.haibach@nightdoc.de Inscription au registre du commerce :Tribunal d\u2019enregistrement : Amtsgericht F\u00fcrthNum\u00e9ro d\u2019enregistrement : HRB 21761 N\u00b0 de TVA intracommunautaire :N\u00b0 de TVA : DE455427316 Responsable du contenu conform\u00e9ment au\u2026","_links":{"self":[{"href":"https:\/\/nightdoc.de\/fr\/wp-json\/wp\/v2\/pages\/98","targetHints":{"allow":["GET"]}}],"collection":[{"href":"https:\/\/nightdoc.de\/fr\/wp-json\/wp\/v2\/pages"}],"about":[{"href":"https:\/\/nightdoc.de\/fr\/wp-json\/wp\/v2\/types\/page"}],"author":[{"embeddable":true,"href":"https:\/\/nightdoc.de\/fr\/wp-json\/wp\/v2\/users\/1"}],"replies":[{"embeddable":true,"href":"https:\/\/nightdoc.de\/fr\/wp-json\/wp\/v2\/comments?post=98"}],"version-history":[{"count":4,"href":"https:\/\/nightdoc.de\/fr\/wp-json\/wp\/v2\/pages\/98\/revisions"}],"predecessor-version":[{"id":1049,"href":"https:\/\/nightdoc.de\/fr\/wp-json\/wp\/v2\/pages\/98\/revisions\/1049"}],"wp:attachment":[{"href":"https:\/\/nightdoc.de\/fr\/wp-json\/wp\/v2\/media?parent=98"}],"curies":[{"name":"wp","href":"https:\/\/api.w.org\/{rel}","templated":true}]}}